{"id":3576,"date":"2020-10-13T16:22:14","date_gmt":"2020-10-13T16:22:14","guid":{"rendered":"https:\/\/gpsites.co\/portfolio\/?page_id=3576"},"modified":"2023-05-26T15:28:31","modified_gmt":"2023-05-26T15:28:31","slug":"home","status":"publish","type":"page","link":"https:\/\/colaborativa.es\/","title":{"rendered":"Home"},"content":{"rendered":"\n\n\n\n<p class=\"gb-headline gb-headline-e222b0c8 gb-headline-text\">LA GESTI\u00d3N DE TU NEGOCIO NO TIENE POR QU\u00c9 SER ABURRIDA<\/p>\n\n\n\n<h1 class=\"gb-headline gb-headline-a571fc1e gb-headline-text\">Pero t\u00fa sabes que S\u00cd lo es<\/h1>\n\n\n\n\n\n\n\n\n\n<p class=\"gb-headline gb-headline-fac388c7\"><span class=\"gb-icon\"><svg xmlns=\"http:\/\/www.w3.org\/2000\/svg\" viewBox=\"0 0 36.7 3\"><path d=\"M0 0h36.7v3H0z\"><\/path><\/svg><\/span><span class=\"gb-headline-text\">\u00a1HOLA!<\/span><\/p>\n\n\n\n\n\n<h2 class=\"gb-headline gb-headline-69fd1f7d gb-headline-text\">No te podemos prometer que ser\u00e1 divertido, pero gracias a la <em>contabilidad colaborativa<\/em> <strong>ser\u00e1s m\u00e1s eficaz<\/strong>, mejorar\u00e1s tu negocio llev\u00e1ndolo al d\u00eda y nos encargamos del papeleo nosotros.<\/h2>\n\n\n\n<div class=\"wp-block-columns is-layout-flex wp-container-core-columns-is-layout-9d6595d7 wp-block-columns-is-layout-flex\">\n<div class=\"wp-block-column is-layout-flow wp-block-column-is-layout-flow\" style=\"flex-basis:33.33%\">\n<figure class=\"wp-block-video\"><video height=\"666\" style=\"aspect-ratio: 666 \/ 666;\" width=\"666\" autoplay loop muted src=\"https:\/\/colaborativa.es\/wp-content\/uploads\/2023\/05\/Disen\u0303o-sin-ti\u0301tulo-2.mp4\" playsinline><\/video><\/figure>\n<\/div>\n\n\n\n<div class=\"wp-block-column is-layout-flow wp-block-column-is-layout-flow\" style=\"flex-basis:66.66%\">\n<div class=\"wp-block-group\"><div class=\"wp-block-group__inner-container is-layout-constrained wp-block-group-is-layout-constrained\">\n<h2 class=\"gb-headline gb-headline-78862c09 gb-headline-text\"><strong>Pru\u00e9banos<\/strong> 15 d\u00edas gratis<\/h2>\n\n\n\n<h2 class=\"gb-headline gb-headline-d79e0820 gb-headline-text\">Sin compromiso<\/h2>\n<\/div><\/div>\n<\/div>\n<\/div>\n\n\n\n\n\n\n\n<p class=\"gb-headline gb-headline-e6916b9c\"><span class=\"gb-icon\"><svg xmlns=\"http:\/\/www.w3.org\/2000\/svg\" viewBox=\"0 0 36.7 3\"><path d=\"M0 0h36.7v3H0z\"><\/path><\/svg><\/span><span class=\"gb-headline-text\">con el software l\u00edder, el m\u00e1s innovador, din\u00e1mico, amable&#8230;<\/span><\/p>\n\n\n\n\n<div class=\"wp-block-columns are-vertically-aligned-center is-layout-flex wp-container-core-columns-is-layout-9d6595d7 wp-block-columns-is-layout-flex\">\n<div class=\"wp-block-column is-vertically-aligned-center is-layout-flow wp-block-column-is-layout-flow\" style=\"flex-basis:66%\">\n<h2 class=\"wp-block-heading has-text-align-center has-contrast-color has-text-color\">Nos gusta <strong>hacerlo simple<\/strong>&#8230; por eso&#8230;<\/h2>\n\n\n\n<figure class=\"gb-block-image gb-block-image-5aebb762\"><img decoding=\"async\" class=\"gb-image gb-image-5aebb762\" src=\"https:\/\/colaborativa.es\/wp-content\/uploads\/2023\/05\/holded-300x95.jpg\" alt=\"\" title=\"holded\"\/>\n<figcaption class=\"gb-headline gb-headline-4bb85f81 gb-headline-text\"><\/figcaption>\n<\/figure>\n<\/div>\n<\/div>\n\n\n\n\n\n\n<h3 class=\"gb-headline gb-headline-8c4cab93 gb-headline-text\">Aut\u00f3nomos<\/h3>\n\n\n\n<a class=\"gb-button gb-button-1f3503c2 gb-button-text\" href=\"https:\/servicios\/\">Servicios<\/a>\n\n\n\n\n\n<h3 class=\"gb-headline gb-headline-fa70145c gb-headline-text\">Empresas<\/h3>\n\n\n\n<a class=\"gb-button gb-button-54c678f5 gb-button-text\" href=\"https:\/servicios\/\">Servicios<\/a>\n\n\n\n\n\n<h3 class=\"gb-headline gb-headline-af4ddbf6 gb-headline-text\">Laboral<\/h3>\n\n\n\n<a class=\"gb-button gb-button-feaea022 gb-button-text\" href=\"https:\/servicios\/\">Servicios<\/a>\n\n\n\n\n\n<h3 class=\"gb-headline gb-headline-278fa6cd gb-headline-text\">Otros<\/h3>\n\n\n\n<a class=\"gb-button gb-button-06235519 gb-button-text\" href=\"https:\/servicios\/\">Servicios<\/a>\n\n\n\n\n\n\n\n\n<p class=\"gb-headline gb-headline-9603b781\"><span class=\"gb-icon\"><svg viewBox=\"0 0 36.7 3\" xmlns=\"http:\/\/www.w3.org\/2000\/svg\"><path d=\"M0 0h36.7v3H0z\"><\/path><\/svg><\/span><span class=\"gb-headline-text\">Testimonials<\/span><\/p>\n\n\n\n\n<div class=\"wp-block-image is-style-rounded\">\n<figure class=\"aligncenter size-large is-resized\"><img loading=\"lazy\" decoding=\"async\" src=\"https:\/\/colaborativa.es\/wp-content\/uploads\/2020\/11\/test-1.jpg\" alt=\"\" class=\"wp-image-3848\" width=\"100\" height=\"100\" srcset=\"https:\/\/colaborativa.es\/wp-content\/uploads\/2020\/11\/test-1.jpg 200w, https:\/\/colaborativa.es\/wp-content\/uploads\/2020\/11\/test-1-150x150.jpg 150w\" sizes=\"auto, (max-width: 100px) 100vw, 100px\" \/><\/figure>\n<\/div>\n\n\n\n<p class=\"gb-headline gb-headline-f3851479 gb-headline-text\">\u00abColaborativa es una asesor\u00eda de primer nivel\u00bb<\/p>\n\n\n\n<p class=\"gb-headline gb-headline-acd59862 gb-headline-text\"><em><em><em><em>\u2013 Johana<\/em><\/em><\/em><\/em><\/p>\n\n\n\n\n\n<div class=\"wp-block-image is-style-rounded\">\n<figure class=\"aligncenter size-full is-resized\"><img loading=\"lazy\" decoding=\"async\" src=\"https:\/\/colaborativa.es\/wp-content\/uploads\/2020\/11\/test-2.jpg\" alt=\"\" class=\"wp-image-3849\" width=\"100\" height=\"100\" srcset=\"https:\/\/colaborativa.es\/wp-content\/uploads\/2020\/11\/test-2.jpg 200w, https:\/\/colaborativa.es\/wp-content\/uploads\/2020\/11\/test-2-150x150.jpg 150w\" sizes=\"auto, (max-width: 100px) 100vw, 100px\" \/><\/figure>\n<\/div>\n\n\n\n<p class=\"gb-headline gb-headline-4548281c gb-headline-text\">\u00abColaborativa es top\u00bb<\/p>\n\n\n\n<p class=\"gb-headline gb-headline-0469ea34 gb-headline-text\"><em><em><em><em>\u2013 Emilio<\/em><\/em><\/em><\/em><\/p>\n\n\n\n\n\n\n\n\n\n<h3 class=\"gb-headline gb-headline-0309af00 gb-headline-text\">\u00bfQuieres saber algo m\u00e1s <a href=\"https:\/\/gpsites.co\/portfolio\/about\/\" data-type=\"page\" data-id=\"3840\">sobre nosotros<\/a>?<\/h3>\n\n\n\n<h3 class=\"gb-headline gb-headline-bca6f373\"><span class=\"gb-icon\"><svg viewBox=\"0 0 15 15\" xmlns=\"http:\/\/www.w3.org\/2000\/svg\" width=\"30\" height=\"30\"><path d=\"M10.18 1.735a5.414 5.414 0 00-5.452.004 5.471 5.471 0 00-1.994 2.016 5.528 5.528 0 00-.725 2.753v.767a16.07 16.07 0 00.649 5.085l.141.48-.959.283-.141-.48a17.096 17.096 0 01-.69-5.393v-.74a6.528 6.528 0 01.857-3.25A6.47 6.47 0 014.224.874 6.414 6.414 0 0110.683.87l.432.251-.503.864-.432-.25zm2.58 1.092l.257.43a6.53 6.53 0 01.888 4.028v.723c0 .701.182 1.39.53 1.999l.247.434-.868.496-.248-.434a5.02 5.02 0 01-.66-2.496v-.749c0-.018 0-.036.002-.054a5.53 5.53 0 00-.75-3.435l-.256-.429.858-.513zM7.457 4.013c-.655 0-1.284.262-1.748.73a2.508 2.508 0 00-.726 1.766v.5h-1v-.5c0-.926.365-1.815 1.016-2.47a3.463 3.463 0 012.458-1.026c.923 0 1.807.369 2.458 1.025A3.508 3.508 0 0110.93 6.51v.75c0 1.513.487 2.985 1.388 4.195l.299.401-.802.597-.299-.4A8.028 8.028 0 019.93 7.259V6.51c0-.663-.261-1.299-.726-1.766a2.463 2.463 0 00-1.748-.73zm.5 3.995a10.042 10.042 0 001.77 5.708l.284.412-.823.567-.284-.411a11.042 11.042 0 01-1.947-6.277m-2.035.944l.058.497a13.058 13.058 0 001.289 4.329l.223.447-.894.447-.224-.447a14.06 14.06 0 01-1.388-4.66l-.057-.497.993-.116z\" fill=\"currentColor\"><\/path><\/svg><\/span><span class=\"gb-headline-text\">Pasi\u00f3n, Ambici\u00f3n, Innovaci\u00f3n, Felicidad, Excelencia, Compromiso, Transparencia<\/span><\/h3>\n\n\n\n<figure class=\"gb-block-image gb-block-image-2c860e85\"><img decoding=\"async\" class=\"gb-image gb-image-2c860e85\" src=\"https:\/\/colaborativa.es\/wp-content\/uploads\/2023\/05\/holded2-1024x238.png\" alt=\"\" title=\"holded2\"\/><\/figure>\n\n","protected":false},"excerpt":{"rendered":"","protected":false},"author":1,"featured_media":0,"parent":0,"menu_order":0,"comment_status":"closed","ping_status":"closed","template":"","meta":{"footnotes":""},"class_list":["post-3576","page","type-page","status-publish"],"_links":{"self":[{"href":"https:\/\/colaborativa.es\/index.php?rest_route=\/wp\/v2\/pages\/3576","targetHints":{"allow":["GET"]}}],"collection":[{"href":"https:\/\/colaborativa.es\/index.php?rest_route=\/wp\/v2\/pages"}],"about":[{"href":"https:\/\/colaborativa.es\/index.php?rest_route=\/wp\/v2\/types\/page"}],"author":[{"embeddable":true,"href":"https:\/\/colaborativa.es\/index.php?rest_route=\/wp\/v2\/users\/1"}],"replies":[{"embeddable":true,"href":"https:\/\/colaborativa.es\/index.php?rest_route=%2Fwp%2Fv2%2Fcomments&post=3576"}],"version-history":[{"count":15,"href":"https:\/\/colaborativa.es\/index.php?rest_route=\/wp\/v2\/pages\/3576\/revisions"}],"predecessor-version":[{"id":4442,"href":"https:\/\/colaborativa.es\/index.php?rest_route=\/wp\/v2\/pages\/3576\/revisions\/4442"}],"wp:attachment":[{"href":"https:\/\/colaborativa.es\/index.php?rest_route=%2Fwp%2Fv2%2Fmedia&parent=3576"}],"curies":[{"name":"wp","href":"https:\/\/api.w.org\/{rel}","templated":true}]}}